{"id":806,"date":"2018-02-02T09:15:20","date_gmt":"2018-02-02T09:15:20","guid":{"rendered":"https:\/\/the7.io\/digital-agency\/?page_id=2"},"modified":"2021-05-18T11:54:22","modified_gmt":"2021-05-18T11:54:22","slug":"home-2","status":"publish","type":"page","link":"https:\/\/elchar.pl\/","title":{"rendered":"Home"},"content":{"rendered":"<p>[vc_row][vc_column][vc_row_inner][vc_column_inner width=&#8221;2\/3&#8243;][vc_custom_heading text=&#8221;ELCHAR Sp\u00f3\u0142ka z ograniczon\u0105 odpowiedzialno\u015bci\u0105, Sp\u00f3\u0142ka komandytowa&#8221; font_container=&#8221;tag:h4|text_align:left|color:%23000000&#8243; use_theme_fonts=&#8221;yes&#8221;][vc_separator color=&#8221;custom&#8221; align=&#8221;align_left&#8221; el_width=&#8221;20&#8243; accent_color=&#8221;#004899&#8243; css=&#8221;.vc_custom_1612512254676{padding-top: 10px !important;}&#8221;][vc_column_text]<span style=\"color: #000000;\">Przez lata dzia\u0142alno\u015bci, samodzielnie lub w kooperacji z du\u017cymi wykonawcami generalnymi, wykonali\u015bmy wiele inwestycji w ca\u0142ym kraju.\u00a0<\/span><\/p>\n<p><span style=\"color: #000000;\">Oferujemy pe\u0142en zakres us\u0142ug \u2013 <strong>wykonujemy instalacje przewodowe, instalujemy urz\u0105dzenia, programujemy i uruchamiamy systemy i urz\u0105dzenia<\/strong>, \u015bwiadczymy serwis i konserwacje oraz szkolimy u\u017cytkownik\u00f3w.<\/span><\/p>\n<p><span style=\"color: #000000;\">\u015awiadczymy r\u00f3wnie\u017c us\u0142ugi instalatorskie paneli <strong>Fotowoltaicznych<\/strong> dla firm jak i os\u00f3b fizycznych. Panele PV pozwol\u0105 Ci czerpa\u0107 szereg korzy\u015bci z nieograniczonej ilo\u015bci darmowej energii s\u0142onecznej. Nasza firma od wielu lat specjalizuje si\u0119 w serwisowaniu i monta\u017cu instalacji fotowoltaicznej.<\/span>[\/vc_column_text][\/vc_column_inner][vc_column_inner width=&#8221;1\/3&#8243;][vc_single_image image=&#8221;890&#8243; img_size=&#8221;full&#8221;][\/vc_column_inner][\/vc_row_inner][\/vc_column][\/vc_row][vc_row full_width=&#8221;stretch_row&#8221; css=&#8221;.vc_custom_1612858299945{margin-bottom: -70px !important;background-image: url(http:\/\/elchar.pl\/wp-content\/uploads\/2021\/02\/Fotowoltanika-pompy-ciepla.jpg?id=896) !important;}&#8221;][vc_column width=&#8221;3\/4&#8243;][vc_column_text css=&#8221;.vc_custom_1612788645808{padding-top: 20px !important;}&#8221;]<\/p>\n<div class=\"grve-element grve-text\">\n<h1 class=\"grve-slogan-title grve-align-left grve-h2\"><span style=\"color: #ffffff;\">Zainteresowa\u0142a Ci\u0119 nasza oferta?<\/span><br \/>\n<span style=\"color: #ffffff;\">Napisz lub zadzwo\u0144 do nas.<\/span><\/h1>\n<\/div>\n<p>[\/vc_column_text][\/vc_column][vc_column width=&#8221;1\/4&#8243; css=&#8221;.vc_custom_1612862098722{margin-top: 70px !important;padding-top: 40px !important;}&#8221;]<div class=\" ubtn-ctn-center \"><a class=\"ubtn-link ult-adjust-bottom-margin ubtn-center ubtn-normal \" href=\"http:\/\/elchar.pl\/?page_id=911\" title=\"Kontakt\" ><button type=\"button\" id=\"ubtn-7189\"  class=\"ubtn ult-adjust-bottom-margin ult-responsive ubtn-normal ubtn-no-hover-bg  none  ubtn-center   tooltip-6a042e7e6e6d6\"  data-hover=\"\" data-border-color=\"\" data-bg=\"#ffffff\" data-hover-bg=\"\" data-border-hover=\"\" data-shadow-hover=\"\" data-shadow-click=\"none\" data-shadow=\"\" data-shd-shadow=\"\"  data-ultimate-target='#ubtn-7189'  data-responsive-json-new='{\"font-size\":\"\",\"line-height\":\"\"}'  style=\"font-weight:normal;border:none;background: #ffffff;color: #1e73be;\"><span class=\"ubtn-hover\" style=\"background-color:\"><\/span><span class=\"ubtn-data ubtn-text \" >KONTAKT<\/span><\/button><\/a><\/div>[\/vc_column][\/vc_row]<\/p>\n","protected":false},"excerpt":{"rendered":"<p>[vc_row][vc_column][vc_row_inner][vc_column_inner width=&#8221;2\/3&#8243;][vc_custom_heading text=&#8221;ELCHAR Sp\u00f3\u0142ka z ograniczon\u0105 odpowiedzialno\u015bci\u0105, Sp\u00f3\u0142ka komandytowa&#8221; font_container=&#8221;tag:h4|text_align:left|color:%23000000&#8243; use_theme_fonts=&#8221;yes&#8221;][vc_separator color=&#8221;custom&#8221; align=&#8221;align_left&#8221; el_width=&#8221;20&#8243; accent_color=&#8221;#004899&#8243; css=&#8221;.vc_custom_1612512254676{padding-top: 10px !important;}&#8221;][vc_column_text]Przez lata dzia\u0142alno\u015bci, samodzielnie lub w kooperacji z du\u017cymi wykonawcami generalnymi, wykonali\u015bmy wiele inwestycji w ca\u0142ym kraju.\u00a0 Oferujemy pe\u0142en zakres us\u0142ug \u2013 wykonujemy instalacje przewodowe, instalujemy urz\u0105dzenia, programujemy i uruchamiamy systemy i urz\u0105dzenia, \u015bwiadczymy serwis i konserwacje oraz&hellip;<\/p>\n","protected":false},"author":1,"featured_media":0,"parent":0,"menu_order":0,"comment_status":"closed","ping_status":"open","template":"elementor_theme","meta":[],"_links":{"self":[{"href":"https:\/\/elchar.pl\/index.php?rest_route=\/wp\/v2\/pages\/806"}],"collection":[{"href":"https:\/\/elchar.pl\/index.php?rest_route=\/wp\/v2\/pages"}],"about":[{"href":"https:\/\/elchar.pl\/index.php?rest_route=\/wp\/v2\/types\/page"}],"author":[{"embeddable":true,"href":"https:\/\/elchar.pl\/index.php?rest_route=\/wp\/v2\/users\/1"}],"replies":[{"embeddable":true,"href":"https:\/\/elchar.pl\/index.php?rest_route=%2Fwp%2Fv2%2Fcomments&post=806"}],"version-history":[{"count":6,"href":"https:\/\/elchar.pl\/index.php?rest_route=\/wp\/v2\/pages\/806\/revisions"}],"predecessor-version":[{"id":978,"href":"https:\/\/elchar.pl\/index.php?rest_route=\/wp\/v2\/pages\/806\/revisions\/978"}],"wp:attachment":[{"href":"https:\/\/elchar.pl\/index.php?rest_route=%2Fwp%2Fv2%2Fmedia&parent=806"}],"curies":[{"name":"wp","href":"https:\/\/api.w.org\/{rel}","templated":true}]}}